{"id":7,"date":"2017-03-26T17:29:51","date_gmt":"2017-03-26T20:29:51","guid":{"rendered":"http:\/\/colunaeortopedia.com.br\/?page_id=7"},"modified":"2017-12-07T16:13:18","modified_gmt":"2017-12-07T18:13:18","slug":"perfil","status":"publish","type":"page","link":"https:\/\/colunaeortopedia.com.br\/?page_id=7","title":{"rendered":"Perfil"},"content":{"rendered":"<p>[vc_row][vc_column][vc_row_inner][vc_column_inner width=&#8221;1\/3&#8243;][vc_single_image image=&#8221;132&#8243; img_size=&#8221;full&#8221; alignment=&#8221;right&#8221; image_hovers=&#8221;false&#8221;][\/vc_column_inner][vc_column_inner width=&#8221;2\/3&#8243;]<div class=\"ult-spacer spacer-69e76ee75a659\" data-id=\"69e76ee75a659\" data-height=\"100\" data-height-mobile=\"100\" data-height-tab=\"100\" data-height-tab-portrait=\"\" data-height-mobile-landscape=\"\" style=\"clear:both;display:block;\"><\/div><div id=\"ultimate-heading-746769e76ee75a68a\" class=\"uvc-heading ult-adjust-bottom-margin ultimate-heading-746769e76ee75a68a uvc-8287 \" data-hspacer=\"no_spacer\"  data-halign=\"left\" style=\"text-align:left\"><div class=\"uvc-heading-spacer no_spacer\" style=\"top\"><\/div><div class=\"uvc-main-heading ult-responsive\"  data-ultimate-target='.uvc-heading.ultimate-heading-746769e76ee75a68a h2'  data-responsive-json-new='{\"font-size\":\"desktop:25px;\",\"line-height\":\"\"}' ><h2 style=\"font-weight:normal;\">Dr. Gustavo Alvarenga<\/h2><\/div><\/div>[vc_icon icon_fontawesome=&#8221;fa fa-quote-left&#8221; color=&#8221;custom&#8221; size=&#8221;lg&#8221; custom_color=&#8221;rgba(4,149,176,0.31)&#8221; el_class=&#8221;bottom20 right30&#8243;][vc_column_text el_class=&#8221;bottom70&#8243;]<\/p>\n<p style=\"text-align: left;\">Nascido em Uberl\u00e2ndia-MG, o Dr. Gustavo Alvarenga \u00e9 graduado em Medicina pela Universidade Federal da Grande Dourados (Dourados-MS) em 2007, possui resid\u00eancia m\u00e9dica de Ortopedia e Traumatologia pela Universidade Federal de Uberl\u00e2ndia, possui t\u00edtulo de especialista pela Sociedade Brasileira de Ortopedia (SBOT), \u00e9 especialista em Cirurgia e Patologias da Coluna Vertebral pela Faculdade de Medicina do ABC &#8211; Santo Andr\u00e9-SP, fez est\u00e1gio complementar no Albert Einstein e outros hospitais de S\u00e3o Paulo e foi membro da equipe de Ortopedia do Hospital Benefici\u00eancia Portuguesa de S\u00e3o Paulo.<\/p>\n<p>[\/vc_column_text][vc_icon icon_fontawesome=&#8221;fa fa-quote-right&#8221; color=&#8221;custom&#8221; size=&#8221;lg&#8221; align=&#8221;right&#8221; custom_color=&#8221;rgba(4,149,176,0.3)&#8221; el_class=&#8221;bottom70&#8243;][\/vc_column_inner][\/vc_row_inner]<div class=\"ult-spacer spacer-69e76ee75a6a8\" data-id=\"69e76ee75a6a8\" data-height=\"75\" data-height-mobile=\"75\" data-height-tab=\"75\" data-height-tab-portrait=\"\" data-height-mobile-landscape=\"\" style=\"clear:both;display:block;\"><\/div>[\/vc_column][\/vc_row]<\/p>\n","protected":false},"excerpt":{"rendered":"<p>[vc_row][vc_column][vc_row_inner][vc_column_inner width=&#8221;1\/3&#8243;][vc_single_image image=&#8221;132&#8243; img_size=&#8221;full&#8221; alignment=&#8221;right&#8221; image_hovers=&#8221;false&#8221;][\/vc_column_inner][vc_column_inner width=&#8221;2\/3&#8243;][vc_icon icon_fontawesome=&#8221;fa fa-quote-left&#8221; color=&#8221;custom&#8221; size=&#8221;lg&#8221; custom_color=&#8221;rgba(4,149,176,0.31)&#8221; el_class=&#8221;bottom20 right30&#8243;][vc_column_text el_class=&#8221;bottom70&#8243;] Nascido em Uberl\u00e2ndia-MG, o Dr. Gustavo Alvarenga \u00e9 graduado em Medicina pela Universidade Federal da Grande Dourados (Dourados-MS) em 2007, possui resid\u00eancia m\u00e9dica de Ortopedia e Traumatologia pela Universidade Federal de Uberl\u00e2ndia, possui t\u00edtulo de especialista pela Sociedade Brasileira de&hellip;<\/p>\n","protected":false},"author":1,"featured_media":0,"parent":0,"menu_order":0,"comment_status":"closed","ping_status":"closed","template":"","meta":[],"_links":{"self":[{"href":"https:\/\/colunaeortopedia.com.br\/index.php?rest_route=\/wp\/v2\/pages\/7"}],"collection":[{"href":"https:\/\/colunaeortopedia.com.br\/index.php?rest_route=\/wp\/v2\/pages"}],"about":[{"href":"https:\/\/colunaeortopedia.com.br\/index.php?rest_route=\/wp\/v2\/types\/page"}],"author":[{"embeddable":true,"href":"https:\/\/colunaeortopedia.com.br\/index.php?rest_route=\/wp\/v2\/users\/1"}],"replies":[{"embeddable":true,"href":"https:\/\/colunaeortopedia.com.br\/index.php?rest_route=%2Fwp%2Fv2%2Fcomments&post=7"}],"version-history":[{"count":15,"href":"https:\/\/colunaeortopedia.com.br\/index.php?rest_route=\/wp\/v2\/pages\/7\/revisions"}],"predecessor-version":[{"id":191,"href":"https:\/\/colunaeortopedia.com.br\/index.php?rest_route=\/wp\/v2\/pages\/7\/revisions\/191"}],"wp:attachment":[{"href":"https:\/\/colunaeortopedia.com.br\/index.php?rest_route=%2Fwp%2Fv2%2Fmedia&parent=7"}],"curies":[{"name":"wp","href":"https:\/\/api.w.org\/{rel}","templated":true}]}}